{"id":3,"date":"2024-07-23T17:47:33","date_gmt":"2024-07-23T17:47:33","guid":{"rendered":"https:\/\/torresolfurniture.com\/?page_id=3"},"modified":"2024-08-28T17:12:03","modified_gmt":"2024-08-28T15:12:03","slug":"privacy-policy","status":"publish","type":"page","link":"https:\/\/torresolfurniture.com\/index.php\/privacy-policy\/","title":{"rendered":"Pol\u00edtica de privacidad"},"content":{"rendered":"\n<h2 class=\"wp-block-heading\"><\/h2>\n\n\n\n<h3 class=\"wp-block-heading\">CONDICIONES GENERALES DE USO DEL SITIO WEB DE  TORRESOL FURNITURE S.L.<\/h3>\n\n\n\n<p>La titularidad del dominio www.torresofurniture.com, en domicilio Avda. Villanueva del Rey n\u00ba 45 P.I. La Lagunilla, 41400\u00a0 Ecija\u00a0 (Sevilla) \u2013 Espa\u00f1a con CIF B41741851 pone a disposici\u00f3n en su sitio web www.torresolfurniture.es determinados contenidos de car\u00e1cter informativo sobre sus actividades.<\/p>\n\n\n\n<p>Las presentes condiciones generales rigen \u00fanica y exclusivamente el uso del sitio web de TORRESOL FURNITURE  S.L. por parte de los USUARIOS que accedan al mismo. Las presentes condiciones generales se le exponen al USUARIO en el sitio web www.torresolfurniture.com en todas y cada una de las p\u00e1ginas y cada vez que un USUARIO introduce sus datos en los formularios existentes, para que las lea, las imprima, archive y acepte a trav\u00e9s de internet, no pudiendo el USUARIO introducir sus datos efectivamente sin que se haya producido esta aceptaci\u00f3n.<\/p>\n\n\n\n<p>El acceso al sitio web de TORRESOL S.L. implica sin reservas la aceptaci\u00f3n de las presentes condiciones generales de uso que el USUARIO afirma comprender en su totalidad. El USUARIO se compromete a no utilizar el sitio web y los servicios que se ofrecen en el mismo para la realizaci\u00f3n de actividades contrarias a la ley y a respetar en todo momento las presentes condiciones generales.<\/p>\n\n\n\n<h4 class=\"wp-block-heading\">PRIMERA.- CONDICIONES DE ACCESO Y USO<\/h4>\n\n\n\n<p>1.1.-La utilizaci\u00f3n del sitio web de TORRESOL FURNITURE S.L. no conlleva la obligatoriedad de inscripci\u00f3n del USUARIO, salvo si este USUARIO desee utilizar la base de datos de art\u00edculos existentes en www.torresolfurniture.com donde ser\u00e1 preciso que se registre cubriendo un formulario b\u00e1sico, \u00e9sta suscripci\u00f3n se regir\u00e1 por las condiciones generales espec\u00edficas. Las condiciones de acceso y uso del presente sitio web se rigen estrictamente por la legalidad vigente y por el principio de buena fe comprometi\u00e9ndose el USUARIO a realizar un buen uso de la web. Quedan prohibidos todos los actos que vulneren la legalidad, derechos o intereses de terceros: derecho a la intimidad, protecci\u00f3n de datos, propiedad intelectual etc. Expresamente  TORRESOL FURNITURE S.L. proh\u00edbe los siguientes:<\/p>\n\n\n\n<p>1.1.1.- Realizar acciones que puedan producir en el sitio web o a trav\u00e9s del mismo por cualquier medio cualquier tipo de da\u00f1o a los sistemas de  TORRESOL FURNITURE S.L. o a terceros.<\/p>\n\n\n\n<p>1.1.2.- Realizar sin la debida autorizaci\u00f3n cualquier tipo de publicidad o informaci\u00f3n comercial directamente o de forma encubierta, el env\u00edo de correos masivos (\u201cspaming\u201d) o env\u00edo de grandes mensajes con el fin de bloquear servidores de la red (\u201cmail bombing\u201d).<\/p>\n\n\n\n<p>1.2.- TORRESOL FURNITURE S.L. podr\u00e1 interrumpir en cualquier momento el acceso a su sitio web si detecta un uso contrario a la legalidad, la buena fe o a las presentes condiciones generales- ver cl\u00e1usula quinta.<\/p>\n\n\n\n<h4 class=\"wp-block-heading\">SEGUNDA.- CONTENIDOS.<\/h4>\n\n\n\n<p>Los contenidos incorporados en este sitio web han sido elaborados e incluidos por:<\/p>\n\n\n\n<p>2.1.- TORRESOL FURNITURE S.L. utilizando fuentes internas y externas de tal modo queTORRESOL FURNITURE S.L. \u00fanicamente se hace responsable por los contenidos elaborados de forma interna.<\/p>\n\n\n\n<p>2.2.- TORRESOL FURNITURE S.L. se reserva el derecho a modificar en cualquier momento los contenidos existentes en su sitio web.<\/p>\n\n\n\n<h4 class=\"wp-block-heading\">TERCERA.- DERECHOS DE AUTOR Y MARCA<\/h4>\n\n\n\n<p>TORRESOL FURNITURE S.L. informa que el sitio web www.torresolfurniture.com los contenidos propios, la programaci\u00f3n y el dise\u00f1o del sitio web se encuentra plenamente protegido por los derechos de autor, quedando expresamente prohibida toda reproducci\u00f3n, comunicaci\u00f3n, distribuci\u00f3n y transformaci\u00f3n de los referidos elementos protegidos salvo consentimiento expreso de TORRESOL FURNITURE S.L..TORRESOL FURNITURE S.L. utiliza fuentes externas para la elaboraci\u00f3n de sus contenidos en determinadas ocasiones y tambi\u00e9n establece links o hiperenlaces a art\u00edculos o informaciones de terceros citando siempre la fuente. El leg\u00edtimo titular de los derechos de autor de estas informaciones as\u00ed incluidas podr\u00e1 solicitar en cualquier momento la eliminaci\u00f3n de las referidas referencias.<\/p>\n\n\n\n<h4 class=\"wp-block-heading\">CUARTA.- JURISDICCI\u00d3N Y LEY APLICABLE<\/h4>\n\n\n\n<p>Las presentes condiciones generales se rigen por la legislaci\u00f3n espa\u00f1ola. Son competentes para resolver toda controversia o conflicto que se derive de las presentes condiciones generales los Juzgados de Yecla renunciando expresamente el USUARIO a cualquier otro fuero que pudiera corresponderle.<\/p>\n\n\n\n<h4 class=\"wp-block-heading\">QUINTA.-<\/h4>\n\n\n\n<p>En caso de que cualquier cl\u00e1usula del presente documento sea declarada nula, las dem\u00e1s cl\u00e1usulas seguir\u00e1n vigentes y se interpretar\u00e1n teniendo en cuenta la voluntad de las partes y la finalidad misma de las presentes condiciones. TORRESOL FURNITURE S.L. podr\u00e1 no ejercitar alguno de los derechos y facultades conferidos en este documento lo que no implicar\u00e1 en ning\u00fan caso la renuncia a los mismos salvo reconocimiento expreso por parte de TORRESOL FURNITURE S.L.<\/p>\n\n\n\n<p><\/p>\n","protected":false},"excerpt":{"rendered":"<p>CONDICIONES GENERALES DE USO DEL SITIO WEB DE TORRESOL FURNITURE S.L. La titularidad del dominio www.torresofurniture.com, en domicilio Avda. Villanueva del Rey n\u00ba 45 P.I. La Lagunilla, 41400\u00a0 Ecija\u00a0 (Sevilla) \u2013 Espa\u00f1a con CIF B41741851 pone a disposici\u00f3n en su sitio web www.torresolfurniture.es determinados contenidos de car\u00e1cter informativo sobre sus actividades. Las presentes condiciones generales [&hellip;]<\/p>\n","protected":false},"author":1,"featured_media":0,"parent":0,"menu_order":0,"comment_status":"closed","ping_status":"open","template":"","meta":{"footnotes":""},"class_list":["post-3","page","type-page","status-publish","hentry"],"_links":{"self":[{"href":"https:\/\/torresolfurniture.com\/index.php\/wp-json\/wp\/v2\/pages\/3","targetHints":{"allow":["GET"]}}],"collection":[{"href":"https:\/\/torresolfurniture.com\/index.php\/wp-json\/wp\/v2\/pages"}],"about":[{"href":"https:\/\/torresolfurniture.com\/index.php\/wp-json\/wp\/v2\/types\/page"}],"author":[{"embeddable":true,"href":"https:\/\/torresolfurniture.com\/index.php\/wp-json\/wp\/v2\/users\/1"}],"replies":[{"embeddable":true,"href":"https:\/\/torresolfurniture.com\/index.php\/wp-json\/wp\/v2\/comments?post=3"}],"version-history":[{"count":2,"href":"https:\/\/torresolfurniture.com\/index.php\/wp-json\/wp\/v2\/pages\/3\/revisions"}],"predecessor-version":[{"id":55,"href":"https:\/\/torresolfurniture.com\/index.php\/wp-json\/wp\/v2\/pages\/3\/revisions\/55"}],"wp:attachment":[{"href":"https:\/\/torresolfurniture.com\/index.php\/wp-json\/wp\/v2\/media?parent=3"}],"curies":[{"name":"wp","href":"https:\/\/api.w.org\/{rel}","templated":true}]}}